{"id":256972,"date":"2024-01-16T23:06:32","date_gmt":"2024-01-16T22:06:32","guid":{"rendered":"https:\/\/impuls3football.com\/?page_id=256972"},"modified":"2024-02-03T10:58:04","modified_gmt":"2024-02-03T09:58:04","slug":"inscription","status":"publish","type":"page","link":"https:\/\/impuls3football.com\/index.php\/inscription\/","title":{"rendered":"Inscription"},"content":{"rendered":"\n[et_pb_section fb_built=&#8221;1&#8243; _builder_version=&#8221;4.23.4&#8243; _module_preset=&#8221;default&#8221; background_color=&#8221;#1A2775&#8243; global_colors_info=&#8221;{}&#8221;][et_pb_row _builder_version=&#8221;4.23.4&#8243; _module_preset=&#8221;default&#8221; max_width=&#8221;800px&#8221; global_colors_info=&#8221;{}&#8221;][et_pb_column type=&#8221;4_4&#8243; _builder_version=&#8221;4.19.5&#8243; _module_preset=&#8221;default&#8221; global_colors_info=&#8221;{}&#8221;][et_pb_text _builder_version=&#8221;4.23.4&#8243; _module_preset=&#8221;bf2a5b26-61bc-40bf-b0c1-1e5288ec5186&#8243; text_font=&#8221;Baumans||||||||&#8221; header_font=&#8221;Baumans|700|||||||&#8221; custom_margin=&#8221;||10px||false|false&#8221; global_colors_info=&#8221;{}&#8221;]<h1>Inscription<\/h1>[\/et_pb_text][et_pb_text _builder_version=&#8221;4.23.4&#8243; _module_preset=&#8221;6648d31b-33c2-4cc3-ae31-f6bc343d35f2&#8243; text_font=&#8221;Baumans||||||||&#8221; header_font=&#8221;Baumans||||||||&#8221; global_colors_info=&#8221;{}&#8221;]<p><span>Pour inscrire votre enfant \u00e0 notre acad\u00e9mie de football, veuillez remplir les champs requis sur notre site internet pour la demande d&#8217;inscription. Une fois votre demande soumise, nous vous enverrons le formulaire d&#8217;inscription par e-mail. N&#8217;oubliez pas de joindre un certificat m\u00e9dical ou une licence FFF, ainsi que les pi\u00e8ces compl\u00e9mentaires n\u00e9cessaires. Nous sommes impatients de vous accueillir dans notre communaut\u00e9 sportive dynamique !<\/span><\/p>[\/et_pb_text][et_pb_contact_form captcha=&#8221;off&#8221; email=&#8221;inscription@impuls3football.com&#8221; submit_button_text=&#8221;Demande D&#8217;Inscription&#8221; _builder_version=&#8221;4.23.4&#8243; _module_preset=&#8221;8fba817f-3c02-482b-873e-8f5f8187ae1f&#8221; form_field_background_color=&#8221;#1A2775&#8243; form_field_focus_background_color=&#8221;#FFFFFF&#8221; form_field_focus_text_color=&#8221;#1A2775&#8243; title_text_color=&#8221;#FFFFFF&#8221; captcha_text_color=&#8221;#FFFFFF&#8221; button_letter_spacing=&#8221;2px&#8221; button_custom_padding=&#8221;10px|34px|10px|34px|true|true&#8221; text_orientation=&#8221;left&#8221; hover_enabled=&#8221;0&#8243; locked=&#8221;off&#8221; global_colors_info=&#8221;{}&#8221; sticky_enabled=&#8221;0&#8243;][et_pb_contact_field field_id=&#8221;choix&#8221; field_title=&#8221;Choisir l&#8217;inscription.&#8221; field_type=&#8221;checkbox&#8221; checkbox_options=&#8221;%91{%22value%22:%22STAGE%22,%22checked%22:0,%22dragID%22:-1},{%22value%22:%22Cours%22,%22checked%22:0,%22dragID%22:0}%93&#8243; fullwidth_field=&#8221;on&#8221; _builder_version=&#8221;4.23.4&#8243; _module_preset=&#8221;default&#8221; form_field_text_color=&#8221;#FFFFFF&#8221; form_field_focus_text_color=&#8221;#FFFFFF&#8221; text_orientation=&#8221;left&#8221; global_colors_info=&#8221;{}&#8221;][\/et_pb_contact_field][et_pb_contact_field field_id=&#8221;Nom&#8221; field_title=&#8221;Nom Complet &#8221; fullwidth_field=&#8221;on&#8221; _builder_version=&#8221;4.23.4&#8243; _module_preset=&#8221;default&#8221; text_orientation=&#8221;left&#8221; global_colors_info=&#8221;{}&#8221; button_text_size__hover_enabled=&#8221;off&#8221; button_one_text_size__hover_enabled=&#8221;off&#8221; button_two_text_size__hover_enabled=&#8221;off&#8221; button_text_color__hover_enabled=&#8221;off&#8221; button_one_text_color__hover_enabled=&#8221;off&#8221; button_two_text_color__hover_enabled=&#8221;off&#8221; button_border_width__hover_enabled=&#8221;off&#8221; button_one_border_width__hover_enabled=&#8221;off&#8221; button_two_border_width__hover_enabled=&#8221;off&#8221; button_border_color__hover_enabled=&#8221;off&#8221; button_one_border_color__hover_enabled=&#8221;off&#8221; button_two_border_color__hover_enabled=&#8221;off&#8221; button_border_radius__hover_enabled=&#8221;off&#8221; button_one_border_radius__hover_enabled=&#8221;off&#8221; button_two_border_radius__hover_enabled=&#8221;off&#8221; button_letter_spacing__hover_enabled=&#8221;off&#8221; button_one_letter_spacing__hover_enabled=&#8221;off&#8221; button_two_letter_spacing__hover_enabled=&#8221;off&#8221; button_bg_color__hover_enabled=&#8221;off&#8221; button_one_bg_color__hover_enabled=&#8221;off&#8221; button_two_bg_color__hover_enabled=&#8221;off&#8221;][\/et_pb_contact_field][et_pb_contact_field field_id=&#8221;Field_5&#8243; field_title=&#8221;NOM prenom ENFANT&#8221; fullwidth_field=&#8221;on&#8221; _builder_version=&#8221;4.23.4&#8243; _module_preset=&#8221;default&#8221; global_colors_info=&#8221;{}&#8221;][\/et_pb_contact_field][et_pb_contact_field field_id=&#8221;Field_4_2&#8243; field_title=&#8221;date naissance&#8221; fullwidth_field=&#8221;on&#8221; _builder_version=&#8221;4.23.4&#8243; _module_preset=&#8221;default&#8221; hover_enabled=&#8221;0&#8243; global_colors_info=&#8221;{}&#8221; sticky_enabled=&#8221;0&#8243;][\/et_pb_contact_field][et_pb_contact_field field_id=&#8221;Email&#8221; field_title=&#8221;Email &#8221; field_type=&#8221;email&#8221; fullwidth_field=&#8221;on&#8221; _builder_version=&#8221;4.23.4&#8243; _module_preset=&#8221;default&#8221; global_colors_info=&#8221;{}&#8221; button_text_size__hover_enabled=&#8221;off&#8221; button_one_text_size__hover_enabled=&#8221;off&#8221; button_two_text_size__hover_enabled=&#8221;off&#8221; button_text_color__hover_enabled=&#8221;off&#8221; button_one_text_color__hover_enabled=&#8221;off&#8221; button_two_text_color__hover_enabled=&#8221;off&#8221; button_border_width__hover_enabled=&#8221;off&#8221; button_one_border_width__hover_enabled=&#8221;off&#8221; button_two_border_width__hover_enabled=&#8221;off&#8221; button_border_color__hover_enabled=&#8221;off&#8221; button_one_border_color__hover_enabled=&#8221;off&#8221; button_two_border_color__hover_enabled=&#8221;off&#8221; button_border_radius__hover_enabled=&#8221;off&#8221; button_one_border_radius__hover_enabled=&#8221;off&#8221; button_two_border_radius__hover_enabled=&#8221;off&#8221; button_letter_spacing__hover_enabled=&#8221;off&#8221; button_one_letter_spacing__hover_enabled=&#8221;off&#8221; button_two_letter_spacing__hover_enabled=&#8221;off&#8221; button_bg_color__hover_enabled=&#8221;off&#8221; button_one_bg_color__hover_enabled=&#8221;off&#8221; button_two_bg_color__hover_enabled=&#8221;off&#8221;][\/et_pb_contact_field][et_pb_contact_field field_id=&#8221;Field_4&#8243; field_title=&#8221;NUMERO DE TELEPHONE&#8221; min_length=&#8221;10&#8243; fullwidth_field=&#8221;on&#8221; _builder_version=&#8221;4.23.4&#8243; _module_preset=&#8221;default&#8221; global_colors_info=&#8221;{}&#8221;][\/et_pb_contact_field][et_pb_contact_field field_id=&#8221;Message&#8221; field_title=&#8221;Message &#8221; field_type=&#8221;text&#8221; fullwidth_field=&#8221;on&#8221; _builder_version=&#8221;4.23.4&#8243; _module_preset=&#8221;default&#8221; global_colors_info=&#8221;{}&#8221; button_text_size__hover_enabled=&#8221;off&#8221; button_one_text_size__hover_enabled=&#8221;off&#8221; button_two_text_size__hover_enabled=&#8221;off&#8221; button_text_color__hover_enabled=&#8221;off&#8221; button_one_text_color__hover_enabled=&#8221;off&#8221; button_two_text_color__hover_enabled=&#8221;off&#8221; button_border_width__hover_enabled=&#8221;off&#8221; button_one_border_width__hover_enabled=&#8221;off&#8221; button_two_border_width__hover_enabled=&#8221;off&#8221; button_border_color__hover_enabled=&#8221;off&#8221; button_one_border_color__hover_enabled=&#8221;off&#8221; button_two_border_color__hover_enabled=&#8221;off&#8221; button_border_radius__hover_enabled=&#8221;off&#8221; button_one_border_radius__hover_enabled=&#8221;off&#8221; button_two_border_radius__hover_enabled=&#8221;off&#8221; button_letter_spacing__hover_enabled=&#8221;off&#8221; button_one_letter_spacing__hover_enabled=&#8221;off&#8221; button_two_letter_spacing__hover_enabled=&#8221;off&#8221; button_bg_color__hover_enabled=&#8221;off&#8221; button_one_bg_color__hover_enabled=&#8221;off&#8221; button_two_bg_color__hover_enabled=&#8221;off&#8221;][\/et_pb_contact_field][\/et_pb_contact_form][\/et_pb_column][\/et_pb_row][\/et_pb_section]\n","protected":false},"excerpt":{"rendered":"<p>InscriptionPour inscrire votre enfant \u00e0 notre acad\u00e9mie de football, veuillez remplir les champs requis sur notre site internet pour la demande d&#8217;inscription. Une fois votre demande soumise, nous vous enverrons le formulaire d&#8217;inscription par e-mail. N&#8217;oubliez pas de joindre un certificat m\u00e9dical ou une licence FFF, ainsi que les pi\u00e8ces compl\u00e9mentaires n\u00e9cessaires. Nous sommes impatients [&hellip;]<\/p>\n","protected":false},"author":1,"featured_media":0,"parent":0,"menu_order":0,"comment_status":"closed","ping_status":"closed","template":"","meta":{"_et_pb_use_builder":"on","_et_pb_old_content":"<!-- wp:divi\/placeholder \/-->","_et_gb_content_width":"","footnotes":""},"class_list":["post-256972","page","type-page","status-publish","hentry"],"yoast_head":"<!-- This site is optimized with the Yoast SEO plugin v21.9.1 - https:\/\/yoast.com\/wordpress\/plugins\/seo\/ -->\n<title>ISF Academy- Inscription<\/title>\n<meta name=\"description\" content=\"Pour inscrire votre enfant \u00e0 notre acad\u00e9mie de football, remplir les champs requis sur notre site internet pour la demande d\u2019inscription.\" \/>\n<meta name=\"robots\" content=\"index, follow, max-snippet:-1, max-image-preview:large, max-video-preview:-1\" \/>\n<link rel=\"canonical\" href=\"https:\/\/impuls3football.com\/index.php\/inscription\/\" \/>\n<meta property=\"og:locale\" content=\"en_US\" \/>\n<meta property=\"og:type\" content=\"article\" \/>\n<meta property=\"og:title\" content=\"ISF Academy- Inscription\" \/>\n<meta property=\"og:description\" content=\"Pour inscrire votre enfant \u00e0 notre acad\u00e9mie de football, remplir les champs requis sur notre site internet pour la demande d\u2019inscription.\" \/>\n<meta property=\"og:url\" content=\"https:\/\/impuls3football.com\/index.php\/inscription\/\" \/>\n<meta property=\"og:site_name\" content=\"impuls3football.com\" \/>\n<meta property=\"article:publisher\" content=\"https:\/\/www.facebook.com\/profile.php?id=61555869402772\" \/>\n<meta property=\"article:modified_time\" content=\"2024-02-03T09:58:04+00:00\" \/>\n<meta property=\"og:image\" content=\"https:\/\/impuls3football.com\/wp-content\/uploads\/2024\/02\/ISF-2.png\" \/>\n\t<meta property=\"og:image:width\" content=\"4321\" \/>\n\t<meta property=\"og:image:height\" content=\"4321\" \/>\n\t<meta property=\"og:image:type\" content=\"image\/png\" \/>\n<meta name=\"twitter:card\" content=\"summary_large_image\" \/>\n<meta name=\"twitter:label1\" content=\"Est. reading time\" \/>\n\t<meta name=\"twitter:data1\" content=\"1 minute\" \/>\n<script type=\"application\/ld+json\" class=\"yoast-schema-graph\">{\"@context\":\"https:\/\/schema.org\",\"@graph\":[{\"@type\":\"WebPage\",\"@id\":\"https:\/\/impuls3football.com\/index.php\/inscription\/\",\"url\":\"https:\/\/impuls3football.com\/index.php\/inscription\/\",\"name\":\"ISF Academy- Inscription\",\"isPartOf\":{\"@id\":\"https:\/\/impuls3football.com\/#website\"},\"datePublished\":\"2024-01-16T22:06:32+00:00\",\"dateModified\":\"2024-02-03T09:58:04+00:00\",\"description\":\"Pour inscrire votre enfant \u00e0 notre acad\u00e9mie de football, remplir les champs requis sur notre site internet pour la demande d\u2019inscription.\",\"breadcrumb\":{\"@id\":\"https:\/\/impuls3football.com\/index.php\/inscription\/#breadcrumb\"},\"inLanguage\":\"en-US\",\"potentialAction\":[{\"@type\":\"ReadAction\",\"target\":[\"https:\/\/impuls3football.com\/index.php\/inscription\/\"]}]},{\"@type\":\"BreadcrumbList\",\"@id\":\"https:\/\/impuls3football.com\/index.php\/inscription\/#breadcrumb\",\"itemListElement\":[{\"@type\":\"ListItem\",\"position\":1,\"name\":\"Accueil\",\"item\":\"https:\/\/impuls3football.com\/\"},{\"@type\":\"ListItem\",\"position\":2,\"name\":\"Inscription\"}]},{\"@type\":\"WebSite\",\"@id\":\"https:\/\/impuls3football.com\/#website\",\"url\":\"https:\/\/impuls3football.com\/\",\"name\":\"impuls3football.com\",\"description\":\"Notre Mission est de Cultiver le talent\",\"publisher\":{\"@id\":\"https:\/\/impuls3football.com\/#organization\"},\"potentialAction\":[{\"@type\":\"SearchAction\",\"target\":{\"@type\":\"EntryPoint\",\"urlTemplate\":\"https:\/\/impuls3football.com\/?s={search_term_string}\"},\"query-input\":\"required name=search_term_string\"}],\"inLanguage\":\"en-US\"},{\"@type\":\"Organization\",\"@id\":\"https:\/\/impuls3football.com\/#organization\",\"name\":\"impuls3football.com\",\"url\":\"https:\/\/impuls3football.com\/\",\"logo\":{\"@type\":\"ImageObject\",\"inLanguage\":\"en-US\",\"@id\":\"https:\/\/impuls3football.com\/#\/schema\/logo\/image\/\",\"url\":\"https:\/\/impuls3football.com\/wp-content\/uploads\/2024\/02\/ISF-2.png\",\"contentUrl\":\"https:\/\/impuls3football.com\/wp-content\/uploads\/2024\/02\/ISF-2.png\",\"width\":4321,\"height\":4321,\"caption\":\"impuls3football.com\"},\"image\":{\"@id\":\"https:\/\/impuls3football.com\/#\/schema\/logo\/image\/\"},\"sameAs\":[\"https:\/\/www.facebook.com\/profile.php?id=61555869402772\",\"https:\/\/www.instagram.com\/impulsportfootball?igsh=MW1qMWN6YnRlbTI3bg&utm_source=qr\"]}]}<\/script>\n<!-- \/ Yoast SEO plugin. -->","yoast_head_json":{"title":"ISF Academy- Inscription","description":"Pour inscrire votre enfant \u00e0 notre acad\u00e9mie de football, remplir les champs requis sur notre site internet pour la demande d\u2019inscription.","robots":{"index":"index","follow":"follow","max-snippet":"max-snippet:-1","max-image-preview":"max-image-preview:large","max-video-preview":"max-video-preview:-1"},"canonical":"https:\/\/impuls3football.com\/index.php\/inscription\/","og_locale":"en_US","og_type":"article","og_title":"ISF Academy- Inscription","og_description":"Pour inscrire votre enfant \u00e0 notre acad\u00e9mie de football, remplir les champs requis sur notre site internet pour la demande d\u2019inscription.","og_url":"https:\/\/impuls3football.com\/index.php\/inscription\/","og_site_name":"impuls3football.com","article_publisher":"https:\/\/www.facebook.com\/profile.php?id=61555869402772","article_modified_time":"2024-02-03T09:58:04+00:00","og_image":[{"width":4321,"height":4321,"url":"https:\/\/impuls3football.com\/wp-content\/uploads\/2024\/02\/ISF-2.png","type":"image\/png"}],"twitter_card":"summary_large_image","twitter_misc":{"Est. reading time":"1 minute"},"schema":{"@context":"https:\/\/schema.org","@graph":[{"@type":"WebPage","@id":"https:\/\/impuls3football.com\/index.php\/inscription\/","url":"https:\/\/impuls3football.com\/index.php\/inscription\/","name":"ISF Academy- Inscription","isPartOf":{"@id":"https:\/\/impuls3football.com\/#website"},"datePublished":"2024-01-16T22:06:32+00:00","dateModified":"2024-02-03T09:58:04+00:00","description":"Pour inscrire votre enfant \u00e0 notre acad\u00e9mie de football, remplir les champs requis sur notre site internet pour la demande d\u2019inscription.","breadcrumb":{"@id":"https:\/\/impuls3football.com\/index.php\/inscription\/#breadcrumb"},"inLanguage":"en-US","potentialAction":[{"@type":"ReadAction","target":["https:\/\/impuls3football.com\/index.php\/inscription\/"]}]},{"@type":"BreadcrumbList","@id":"https:\/\/impuls3football.com\/index.php\/inscription\/#breadcrumb","itemListElement":[{"@type":"ListItem","position":1,"name":"Accueil","item":"https:\/\/impuls3football.com\/"},{"@type":"ListItem","position":2,"name":"Inscription"}]},{"@type":"WebSite","@id":"https:\/\/impuls3football.com\/#website","url":"https:\/\/impuls3football.com\/","name":"impuls3football.com","description":"Notre Mission est de Cultiver le talent","publisher":{"@id":"https:\/\/impuls3football.com\/#organization"},"potentialAction":[{"@type":"SearchAction","target":{"@type":"EntryPoint","urlTemplate":"https:\/\/impuls3football.com\/?s={search_term_string}"},"query-input":"required name=search_term_string"}],"inLanguage":"en-US"},{"@type":"Organization","@id":"https:\/\/impuls3football.com\/#organization","name":"impuls3football.com","url":"https:\/\/impuls3football.com\/","logo":{"@type":"ImageObject","inLanguage":"en-US","@id":"https:\/\/impuls3football.com\/#\/schema\/logo\/image\/","url":"https:\/\/impuls3football.com\/wp-content\/uploads\/2024\/02\/ISF-2.png","contentUrl":"https:\/\/impuls3football.com\/wp-content\/uploads\/2024\/02\/ISF-2.png","width":4321,"height":4321,"caption":"impuls3football.com"},"image":{"@id":"https:\/\/impuls3football.com\/#\/schema\/logo\/image\/"},"sameAs":["https:\/\/www.facebook.com\/profile.php?id=61555869402772","https:\/\/www.instagram.com\/impulsportfootball?igsh=MW1qMWN6YnRlbTI3bg&utm_source=qr"]}]}},"_links":{"self":[{"href":"https:\/\/impuls3football.com\/index.php\/wp-json\/wp\/v2\/pages\/256972","targetHints":{"allow":["GET"]}}],"collection":[{"href":"https:\/\/impuls3football.com\/index.php\/wp-json\/wp\/v2\/pages"}],"about":[{"href":"https:\/\/impuls3football.com\/index.php\/wp-json\/wp\/v2\/types\/page"}],"author":[{"embeddable":true,"href":"https:\/\/impuls3football.com\/index.php\/wp-json\/wp\/v2\/users\/1"}],"replies":[{"embeddable":true,"href":"https:\/\/impuls3football.com\/index.php\/wp-json\/wp\/v2\/comments?post=256972"}],"version-history":[{"count":16,"href":"https:\/\/impuls3football.com\/index.php\/wp-json\/wp\/v2\/pages\/256972\/revisions"}],"predecessor-version":[{"id":257133,"href":"https:\/\/impuls3football.com\/index.php\/wp-json\/wp\/v2\/pages\/256972\/revisions\/257133"}],"wp:attachment":[{"href":"https:\/\/impuls3football.com\/index.php\/wp-json\/wp\/v2\/media?parent=256972"}],"curies":[{"name":"wp","href":"https:\/\/api.w.org\/{rel}","templated":true}]}}