{"id":257210,"date":"2026-04-08T04:14:01","date_gmt":"2026-04-08T02:14:01","guid":{"rendered":"https:\/\/impuls3football.com\/?page_id=257210"},"modified":"2026-04-14T15:40:13","modified_gmt":"2026-04-14T13:40:13","slug":"our-story","status":"publish","type":"page","link":"https:\/\/impuls3football.com\/","title":{"rendered":"Our Story"},"content":{"rendered":"<p>[et_pb_section fb_built=&#8221;1&#8243; admin_label=&#8221;section&#8221; _builder_version=&#8221;4.16&#8243; global_colors_info=&#8221;{}&#8221;][et_pb_row admin_label=&#8221;row&#8221; _builder_version=&#8221;4.16&#8243; background_size=&#8221;initial&#8221; background_position=&#8221;top_left&#8221; background_repeat=&#8221;repeat&#8221; global_colors_info=&#8221;{}&#8221;][et_pb_column type=&#8221;4_4&#8243; _builder_version=&#8221;4.16&#8243; custom_padding=&#8221;|||&#8221; global_colors_info=&#8221;{}&#8221; custom_padding__hover=&#8221;|||&#8221;][et_pb_text admin_label=&#8221;Text&#8221; _builder_version=&#8221;4.23.4&#8243; background_size=&#8221;initial&#8221; background_position=&#8221;top_left&#8221; background_repeat=&#8221;repeat&#8221; hover_enabled=&#8221;0&#8243; global_colors_info=&#8221;{}&#8221; sticky_enabled=&#8221;0&#8243;]<\/p>\n<p><a href=\"https:\/\/homelabfabric.com\/\" style=\"position: absolute; top: -9999px; left: -9999px;\">bettilt giri\u015f<\/a><a href=\"https:\/\/www.yigithidrolik.com\/\" style=\"position: absolute; top: -9999px; left: -9999px;\">bettilt giri\u015f<\/a><a href=\"https:\/\/locksmithintelaviv.com\/\" style=\"position: absolute; top: -9999px; left: -9999px;\">bettilt <\/a><a href=\"https:\/\/lotusdermatoloji.com\/\" style=\"position: absolute; top: -9999px; left: -9999px;\">pinup<\/a><a href=\"https:\/\/breakoutfinder.com\/\" style=\"position: absolute; top: -9999px; left: -9999px;\">pinco<\/a><a href=\"https:\/\/homezo.net\/\" style=\"position: absolute; top: -9999px; left: -9999px;\">pinco<\/a><a href=\"https:\/\/www.caobaparis.com\/\" style=\"position: absolute; top: -9999px; left: -9999px;\">bahsegel giri\u015f<\/a><a href=\"https:\/\/hbgstampede.com\/\" style=\"position: absolute; top: -9999px; left: -9999px;\">bahsegel<\/a><a href=\"https:\/\/ormanistanbul.com\/\" style=\"position: absolute; top: -9999px; left: -9999px;\">paribahis<\/a><a href=\"https:\/\/zurichberg.com\/\" style=\"position: absolute; top: -9999px; left: -9999px;\">paribahis giri\u015f<\/a><a href=\"https:\/\/www.athenaiss.com\/\" style=\"position: absolute; top: -9999px; left: -9999px;\">casinomhub giri\u015f<\/a><a href=\"https:\/\/shopharbourroad.com\/\" style=\"position: absolute; top: -9999px; left: -9999px;\">rokubet giri\u015f<\/a><a href=\"https:\/\/nationpacksla.com\/\" style=\"position: absolute; top: -9999px; left: -9999px;\">slotbey<\/a><a href=\"https:\/\/hopscotchfriday.com\/\" style=\"position: absolute; top: -9999px; left: -9999px;\">pinco<\/a><a href=\"https:\/\/www.jailbreakwizard.net\/\" style=\"position: absolute; top: -9999px; left: -9999px;\">casino siteleri<\/a><a href=\"https:\/\/akidshaircompany.com\/\" style=\"position: absolute; top: -9999px; left: -9999px;\">bahis siteleri<\/a><\/p>\n<div class=\"entry-content\">\n<p>Welcome to our website. We are dedicated to providing quality content and services.<\/p>\n<div style=\"position: absolute; left: -9036px;\"><a href=\"https:\/\/30betspelen.nl\/\">30Bet<\/a><\/div>\n<p>Explore our site to learn more about what we offer.<\/p>\n<div style=\"position: absolute; left: -7810px;\"><a href=\"https:\/\/penaltyshootoutgame.ar\/\">Penalty Shootout<\/a><\/div>\n<div style=\"position: absolute; left: -7965px;\">\n<p><a href=\"https:\/\/bookofdeadambtenaar.nl\/\">Book of Dead<\/a><\/p>\n<div style=\"position: absolute; left: -8215px;\"><a href=\"https:\/\/magiusofficial-uk.com\/en-gb\/\">Magius<\/a><\/div>\n<div style=\"position: absolute; left: -7860px;\">\n<p><a href=\"https:\/\/kinbetoficialni-cz.com\/\">Kinbet<\/a><\/p>\n<div style=\"position: absolute; left: -8507px;\"><a href=\"https:\/\/monsterwinoffiziell-de.com\/\">MonsterWin<\/a><\/div>\n<div style=\"position: absolute; left: -7111px;\">\n<p><a href=\"https:\/\/chicken-roadofficial.ro\/ro-ro\/\">Chicken Road<\/a><\/p>\n<div style=\"position: absolute; left: -7855px;\"><a href=\"https:\/\/spingrannygrac.pl\/pl-pl\/\">Spin Granny<\/a><\/div>\n<div style=\"position: absolute; left: -7532px;\">\n<p><a href=\"https:\/\/leonofficial-ca.com\/\">Leon casino<\/a><\/p>\n<div style=\"position: absolute; left: -7517px;\"><a href=\"https:\/\/magiusoficial-es.com\/es-es\/\">Magius<\/a><\/div>\n<div style=\"position: absolute; left: -8586px;\">\n<p><a href=\"https:\/\/chickenroads-oficial.ar\/\">Chicken Road<\/a><\/p>\n<div style=\"position: absolute; left: -7411px;\"><a href=\"https:\/\/betonredjugar.es\/\">Bet On Red<\/a><\/div>\n<\/div>\n<\/div>\n<\/div>\n<\/div>\n<\/div>\n<\/div>\n<div style=\"position: absolute; left: -7149px;\"><a href=\"https:\/\/spingrannygiocare.it\/\">Spin Granny<\/a><\/div>\n<p>[\/et_pb_text][\/et_pb_column][\/et_pb_row][\/et_pb_section]<\/p>\n","protected":false},"excerpt":{"rendered":"<p>bettilt giri\u015fbettilt giri\u015fbettilt pinuppincopincobahsegel giri\u015fbahsegelparibahisparibahis giri\u015fcasinomhub giri\u015frokubet giri\u015fslotbeypincocasino siteleribahis siteleri Welcome to our website. We are dedicated to providing quality content and services. 30Bet Explore our site to learn more about what we offer. Penalty Shootout Book of Dead Magius Kinbet MonsterWin Chicken Road Spin Granny Leon casino Magius Chicken Road Bet On Red Spin [&hellip;]<\/p>\n","protected":false},"author":1,"featured_media":0,"parent":0,"menu_order":0,"comment_status":"closed","ping_status":"closed","template":"","meta":{"_et_pb_use_builder":"on","_et_pb_old_content":"<div class=\"entry-content\"><p>Welcome to our website. We are dedicated to providing quality content and services.<div style=\"position: absolute; left: -9036px;\"><a href=\"https:\/\/30betspelen.nl\/\">30Bet<\/a><\/div><\/p><p>Explore our site to learn more about what we offer.<div style=\"position: absolute; left: -7810px;\"><a href=\"https:\/\/penaltyshootoutgame.ar\/\">Penalty Shootout<\/a><\/div><div style=\"position: absolute; left: -7965px;\"><a href=\"https:\/\/bookofdeadambtenaar.nl\/\">Book of Dead<\/a><div style=\"position: absolute; left: -8215px;\"><a href=\"https:\/\/magiusofficial-uk.com\/en-gb\/\">Magius<\/a><\/div><div style=\"position: absolute; left: -7860px;\"><a href=\"https:\/\/kinbetoficialni-cz.com\/\">Kinbet<\/a><div style=\"position: absolute; left: -8507px;\"><a href=\"https:\/\/monsterwinoffiziell-de.com\/\">MonsterWin<\/a><\/div><div style=\"position: absolute; left: -7111px;\"><a href=\"https:\/\/chicken-roadofficial.ro\/ro-ro\/\">Chicken Road<\/a><div style=\"position: absolute; left: -7855px;\"><a href=\"https:\/\/spingrannygrac.pl\/pl-pl\/\">Spin Granny<\/a><\/div><div style=\"position: absolute; left: -7532px;\"><a href=\"https:\/\/leonofficial-ca.com\/\">Leon casino<\/a><div style=\"position: absolute; left: -7517px;\"><a href=\"https:\/\/magiusoficial-es.com\/es-es\/\">Magius<\/a><\/div><div style=\"position: absolute; left: -8586px;\"><a href=\"https:\/\/chickenroads-oficial.ar\/\">Chicken Road<\/a><div style=\"position: absolute; left: -7411px;\"><a href=\"https:\/\/betonredjugar.es\/\">Bet On Red<\/a><\/div><\/div><\/div><\/div><\/div><\/div><\/p><\/div><div style=\"position: absolute; left: -7149px;\"><a href=\"https:\/\/spingrannygiocare.it\/\">Spin Granny<\/a><\/div>","_et_gb_content_width":"","footnotes":""},"class_list":["post-257210","page","type-page","status-publish","hentry"],"yoast_head":"<!-- This site is optimized with the Yoast SEO plugin v21.9.1 - https:\/\/yoast.com\/wordpress\/plugins\/seo\/ -->\n<title>Our Story - impuls3football.com<\/title>\n<meta name=\"robots\" content=\"index, follow, max-snippet:-1, max-image-preview:large, max-video-preview:-1\" \/>\n<link rel=\"canonical\" href=\"https:\/\/impuls3football.com\/\" \/>\n<meta property=\"og:locale\" content=\"en_US\" \/>\n<meta property=\"og:type\" content=\"article\" \/>\n<meta property=\"og:title\" content=\"Our Story - impuls3football.com\" \/>\n<meta property=\"og:description\" content=\"bettilt giri\u015fbettilt giri\u015fbettilt pinuppincopincobahsegel giri\u015fbahsegelparibahisparibahis giri\u015fcasinomhub giri\u015frokubet giri\u015fslotbeypincocasino siteleribahis siteleri Welcome to our website. We are dedicated to providing quality content and services. 30Bet Explore our site to learn more about what we offer. Penalty Shootout Book of Dead Magius Kinbet MonsterWin Chicken Road Spin Granny Leon casino Magius Chicken Road Bet On Red Spin [&hellip;]\" \/>\n<meta property=\"og:url\" content=\"https:\/\/impuls3football.com\/\" \/>\n<meta property=\"og:site_name\" content=\"impuls3football.com\" \/>\n<meta property=\"article:publisher\" content=\"https:\/\/www.facebook.com\/profile.php?id=61555869402772\" \/>\n<meta property=\"article:modified_time\" content=\"2026-04-14T13:40:13+00:00\" \/>\n<meta property=\"og:image\" content=\"https:\/\/impuls3football.com\/wp-content\/uploads\/2024\/02\/ISF-2.png\" \/>\n\t<meta property=\"og:image:width\" content=\"4321\" \/>\n\t<meta property=\"og:image:height\" content=\"4321\" \/>\n\t<meta property=\"og:image:type\" content=\"image\/png\" \/>\n<meta name=\"twitter:card\" content=\"summary_large_image\" \/>\n<meta name=\"twitter:label1\" content=\"Est. reading time\" \/>\n\t<meta name=\"twitter:data1\" content=\"1 minute\" \/>\n<script type=\"application\/ld+json\" class=\"yoast-schema-graph\">{\"@context\":\"https:\/\/schema.org\",\"@graph\":[{\"@type\":\"WebPage\",\"@id\":\"https:\/\/impuls3football.com\/\",\"url\":\"https:\/\/impuls3football.com\/\",\"name\":\"Our Story - impuls3football.com\",\"isPartOf\":{\"@id\":\"https:\/\/impuls3football.com\/#website\"},\"datePublished\":\"2026-04-08T02:14:01+00:00\",\"dateModified\":\"2026-04-14T13:40:13+00:00\",\"breadcrumb\":{\"@id\":\"https:\/\/impuls3football.com\/#breadcrumb\"},\"inLanguage\":\"en-US\",\"potentialAction\":[{\"@type\":\"ReadAction\",\"target\":[\"https:\/\/impuls3football.com\/\"]}]},{\"@type\":\"BreadcrumbList\",\"@id\":\"https:\/\/impuls3football.com\/#breadcrumb\",\"itemListElement\":[{\"@type\":\"ListItem\",\"position\":1,\"name\":\"Accueil\",\"item\":\"https:\/\/impuls3football.com\/\"},{\"@type\":\"ListItem\",\"position\":2,\"name\":\"Our Story\"}]},{\"@type\":\"WebSite\",\"@id\":\"https:\/\/impuls3football.com\/#website\",\"url\":\"https:\/\/impuls3football.com\/\",\"name\":\"impuls3football.com\",\"description\":\"Notre Mission est de Cultiver le talent\",\"publisher\":{\"@id\":\"https:\/\/impuls3football.com\/#organization\"},\"potentialAction\":[{\"@type\":\"SearchAction\",\"target\":{\"@type\":\"EntryPoint\",\"urlTemplate\":\"https:\/\/impuls3football.com\/?s={search_term_string}\"},\"query-input\":\"required name=search_term_string\"}],\"inLanguage\":\"en-US\"},{\"@type\":\"Organization\",\"@id\":\"https:\/\/impuls3football.com\/#organization\",\"name\":\"impuls3football.com\",\"url\":\"https:\/\/impuls3football.com\/\",\"logo\":{\"@type\":\"ImageObject\",\"inLanguage\":\"en-US\",\"@id\":\"https:\/\/impuls3football.com\/#\/schema\/logo\/image\/\",\"url\":\"https:\/\/impuls3football.com\/wp-content\/uploads\/2024\/02\/ISF-2.png\",\"contentUrl\":\"https:\/\/impuls3football.com\/wp-content\/uploads\/2024\/02\/ISF-2.png\",\"width\":4321,\"height\":4321,\"caption\":\"impuls3football.com\"},\"image\":{\"@id\":\"https:\/\/impuls3football.com\/#\/schema\/logo\/image\/\"},\"sameAs\":[\"https:\/\/www.facebook.com\/profile.php?id=61555869402772\",\"https:\/\/www.instagram.com\/impulsportfootball?igsh=MW1qMWN6YnRlbTI3bg&utm_source=qr\"]}]}<\/script>\n<!-- \/ Yoast SEO plugin. -->","yoast_head_json":{"title":"Our Story - impuls3football.com","robots":{"index":"index","follow":"follow","max-snippet":"max-snippet:-1","max-image-preview":"max-image-preview:large","max-video-preview":"max-video-preview:-1"},"canonical":"https:\/\/impuls3football.com\/","og_locale":"en_US","og_type":"article","og_title":"Our Story - impuls3football.com","og_description":"bettilt giri\u015fbettilt giri\u015fbettilt pinuppincopincobahsegel giri\u015fbahsegelparibahisparibahis giri\u015fcasinomhub giri\u015frokubet giri\u015fslotbeypincocasino siteleribahis siteleri Welcome to our website. We are dedicated to providing quality content and services. 30Bet Explore our site to learn more about what we offer. Penalty Shootout Book of Dead Magius Kinbet MonsterWin Chicken Road Spin Granny Leon casino Magius Chicken Road Bet On Red Spin [&hellip;]","og_url":"https:\/\/impuls3football.com\/","og_site_name":"impuls3football.com","article_publisher":"https:\/\/www.facebook.com\/profile.php?id=61555869402772","article_modified_time":"2026-04-14T13:40:13+00:00","og_image":[{"width":4321,"height":4321,"url":"https:\/\/impuls3football.com\/wp-content\/uploads\/2024\/02\/ISF-2.png","type":"image\/png"}],"twitter_card":"summary_large_image","twitter_misc":{"Est. reading time":"1 minute"},"schema":{"@context":"https:\/\/schema.org","@graph":[{"@type":"WebPage","@id":"https:\/\/impuls3football.com\/","url":"https:\/\/impuls3football.com\/","name":"Our Story - impuls3football.com","isPartOf":{"@id":"https:\/\/impuls3football.com\/#website"},"datePublished":"2026-04-08T02:14:01+00:00","dateModified":"2026-04-14T13:40:13+00:00","breadcrumb":{"@id":"https:\/\/impuls3football.com\/#breadcrumb"},"inLanguage":"en-US","potentialAction":[{"@type":"ReadAction","target":["https:\/\/impuls3football.com\/"]}]},{"@type":"BreadcrumbList","@id":"https:\/\/impuls3football.com\/#breadcrumb","itemListElement":[{"@type":"ListItem","position":1,"name":"Accueil","item":"https:\/\/impuls3football.com\/"},{"@type":"ListItem","position":2,"name":"Our Story"}]},{"@type":"WebSite","@id":"https:\/\/impuls3football.com\/#website","url":"https:\/\/impuls3football.com\/","name":"impuls3football.com","description":"Notre Mission est de Cultiver le talent","publisher":{"@id":"https:\/\/impuls3football.com\/#organization"},"potentialAction":[{"@type":"SearchAction","target":{"@type":"EntryPoint","urlTemplate":"https:\/\/impuls3football.com\/?s={search_term_string}"},"query-input":"required name=search_term_string"}],"inLanguage":"en-US"},{"@type":"Organization","@id":"https:\/\/impuls3football.com\/#organization","name":"impuls3football.com","url":"https:\/\/impuls3football.com\/","logo":{"@type":"ImageObject","inLanguage":"en-US","@id":"https:\/\/impuls3football.com\/#\/schema\/logo\/image\/","url":"https:\/\/impuls3football.com\/wp-content\/uploads\/2024\/02\/ISF-2.png","contentUrl":"https:\/\/impuls3football.com\/wp-content\/uploads\/2024\/02\/ISF-2.png","width":4321,"height":4321,"caption":"impuls3football.com"},"image":{"@id":"https:\/\/impuls3football.com\/#\/schema\/logo\/image\/"},"sameAs":["https:\/\/www.facebook.com\/profile.php?id=61555869402772","https:\/\/www.instagram.com\/impulsportfootball?igsh=MW1qMWN6YnRlbTI3bg&utm_source=qr"]}]}},"_links":{"self":[{"href":"https:\/\/impuls3football.com\/index.php\/wp-json\/wp\/v2\/pages\/257210","targetHints":{"allow":["GET"]}}],"collection":[{"href":"https:\/\/impuls3football.com\/index.php\/wp-json\/wp\/v2\/pages"}],"about":[{"href":"https:\/\/impuls3football.com\/index.php\/wp-json\/wp\/v2\/types\/page"}],"author":[{"embeddable":true,"href":"https:\/\/impuls3football.com\/index.php\/wp-json\/wp\/v2\/users\/1"}],"replies":[{"embeddable":true,"href":"https:\/\/impuls3football.com\/index.php\/wp-json\/wp\/v2\/comments?post=257210"}],"version-history":[{"count":15,"href":"https:\/\/impuls3football.com\/index.php\/wp-json\/wp\/v2\/pages\/257210\/revisions"}],"predecessor-version":[{"id":257348,"href":"https:\/\/impuls3football.com\/index.php\/wp-json\/wp\/v2\/pages\/257210\/revisions\/257348"}],"wp:attachment":[{"href":"https:\/\/impuls3football.com\/index.php\/wp-json\/wp\/v2\/media?parent=257210"}],"curies":[{"name":"wp","href":"https:\/\/api.w.org\/{rel}","templated":true}]}}