{"id":26,"date":"2024-01-12T12:24:52","date_gmt":"2024-01-12T11:24:52","guid":{"rendered":"https:\/\/impuls3football.com\/?page_id=26"},"modified":"2024-02-03T10:56:04","modified_gmt":"2024-02-03T09:56:04","slug":"contact","status":"publish","type":"page","link":"https:\/\/impuls3football.com\/index.php\/contact\/","title":{"rendered":"Contact"},"content":{"rendered":"\n[et_pb_section fb_built=&#8221;1&#8243; _builder_version=&#8221;4.23.4&#8243; _module_preset=&#8221;default&#8221; background_color=&#8221;#1A2775&#8243; global_colors_info=&#8221;{}&#8221;][et_pb_row _builder_version=&#8221;4.23.4&#8243; _module_preset=&#8221;default&#8221; max_width=&#8221;800px&#8221; global_colors_info=&#8221;{}&#8221;][et_pb_column type=&#8221;4_4&#8243; _builder_version=&#8221;4.19.5&#8243; _module_preset=&#8221;default&#8221; global_colors_info=&#8221;{}&#8221;][et_pb_text _builder_version=&#8221;4.23.4&#8243; _module_preset=&#8221;bf2a5b26-61bc-40bf-b0c1-1e5288ec5186&#8243; text_font=&#8221;Baumans||||||||&#8221; header_font=&#8221;Baumans|700|||||||&#8221; custom_margin=&#8221;||10px||false|false&#8221; global_colors_info=&#8221;{}&#8221;]<h1>Contact<\/h1>[\/et_pb_text][et_pb_text _builder_version=&#8221;4.23.4&#8243; _module_preset=&#8221;6648d31b-33c2-4cc3-ae31-f6bc343d35f2&#8243; text_font=&#8221;Baumans||||||||&#8221; header_font=&#8221;Baumans||||||||&#8221; hover_enabled=&#8221;0&#8243; global_colors_info=&#8221;{}&#8221; text_orientation=&#8221;justified&#8221; sticky_enabled=&#8221;0&#8243;]<p><span>D\u00e9couvrez le monde passionnant de notre acad\u00e9mie de football en explorant notre site internet ! Pour obtenir des informations d\u00e9taill\u00e9es, n&#8217;h\u00e9sitez pas \u00e0 nous contacter. Nous sommes l\u00e0 pour r\u00e9pondre \u00e0 toutes vos questions et vous guider vers une exp\u00e9rience footballistique exceptionnelle. Rejoignez-nous dans cette aventure sportive en nous \u00e9crivant d\u00e8s maintenant<\/span><\/p>[\/et_pb_text][et_pb_contact_form captcha=&#8221;off&#8221; email=&#8221;contact@impuls3football.com&#8221; submit_button_text=&#8221;Envoyer&#8221; _builder_version=&#8221;4.23.4&#8243; _module_preset=&#8221;8fba817f-3c02-482b-873e-8f5f8187ae1f&#8221; button_custom_padding=&#8221;10px|34px|10px|34px|true|true&#8221; locked=&#8221;off&#8221; global_colors_info=&#8221;{}&#8221;][et_pb_contact_field field_id=&#8221;Nom&#8221; field_title=&#8221;Nom Complet&#8221; fullwidth_field=&#8221;on&#8221; _builder_version=&#8221;4.23.4&#8243; _module_preset=&#8221;default&#8221; text_orientation=&#8221;left&#8221; global_colors_info=&#8221;{}&#8221; button_text_size__hover_enabled=&#8221;off&#8221; button_one_text_size__hover_enabled=&#8221;off&#8221; button_two_text_size__hover_enabled=&#8221;off&#8221; button_text_color__hover_enabled=&#8221;off&#8221; button_one_text_color__hover_enabled=&#8221;off&#8221; button_two_text_color__hover_enabled=&#8221;off&#8221; button_border_width__hover_enabled=&#8221;off&#8221; button_one_border_width__hover_enabled=&#8221;off&#8221; button_two_border_width__hover_enabled=&#8221;off&#8221; button_border_color__hover_enabled=&#8221;off&#8221; button_one_border_color__hover_enabled=&#8221;off&#8221; button_two_border_color__hover_enabled=&#8221;off&#8221; button_border_radius__hover_enabled=&#8221;off&#8221; button_one_border_radius__hover_enabled=&#8221;off&#8221; button_two_border_radius__hover_enabled=&#8221;off&#8221; button_letter_spacing__hover_enabled=&#8221;off&#8221; button_one_letter_spacing__hover_enabled=&#8221;off&#8221; button_two_letter_spacing__hover_enabled=&#8221;off&#8221; button_bg_color__hover_enabled=&#8221;off&#8221; button_one_bg_color__hover_enabled=&#8221;off&#8221; button_two_bg_color__hover_enabled=&#8221;off&#8221;][\/et_pb_contact_field][et_pb_contact_field field_id=&#8221;Email&#8221; field_title=&#8221;Email &#8221; field_type=&#8221;email&#8221; fullwidth_field=&#8221;on&#8221; _builder_version=&#8221;4.23.4&#8243; _module_preset=&#8221;default&#8221; global_colors_info=&#8221;{}&#8221; button_text_size__hover_enabled=&#8221;off&#8221; button_one_text_size__hover_enabled=&#8221;off&#8221; button_two_text_size__hover_enabled=&#8221;off&#8221; button_text_color__hover_enabled=&#8221;off&#8221; button_one_text_color__hover_enabled=&#8221;off&#8221; button_two_text_color__hover_enabled=&#8221;off&#8221; button_border_width__hover_enabled=&#8221;off&#8221; button_one_border_width__hover_enabled=&#8221;off&#8221; button_two_border_width__hover_enabled=&#8221;off&#8221; button_border_color__hover_enabled=&#8221;off&#8221; button_one_border_color__hover_enabled=&#8221;off&#8221; button_two_border_color__hover_enabled=&#8221;off&#8221; button_border_radius__hover_enabled=&#8221;off&#8221; button_one_border_radius__hover_enabled=&#8221;off&#8221; button_two_border_radius__hover_enabled=&#8221;off&#8221; button_letter_spacing__hover_enabled=&#8221;off&#8221; button_one_letter_spacing__hover_enabled=&#8221;off&#8221; button_two_letter_spacing__hover_enabled=&#8221;off&#8221; button_bg_color__hover_enabled=&#8221;off&#8221; button_one_bg_color__hover_enabled=&#8221;off&#8221; button_two_bg_color__hover_enabled=&#8221;off&#8221;][\/et_pb_contact_field][et_pb_contact_field field_id=&#8221;Message&#8221; field_title=&#8221;Message&#8221; field_type=&#8221;text&#8221; fullwidth_field=&#8221;on&#8221; _builder_version=&#8221;4.16&#8243; _module_preset=&#8221;default&#8221; global_colors_info=&#8221;{}&#8221; button_text_size__hover_enabled=&#8221;off&#8221; button_one_text_size__hover_enabled=&#8221;off&#8221; button_two_text_size__hover_enabled=&#8221;off&#8221; button_text_color__hover_enabled=&#8221;off&#8221; button_one_text_color__hover_enabled=&#8221;off&#8221; button_two_text_color__hover_enabled=&#8221;off&#8221; button_border_width__hover_enabled=&#8221;off&#8221; button_one_border_width__hover_enabled=&#8221;off&#8221; button_two_border_width__hover_enabled=&#8221;off&#8221; button_border_color__hover_enabled=&#8221;off&#8221; button_one_border_color__hover_enabled=&#8221;off&#8221; button_two_border_color__hover_enabled=&#8221;off&#8221; button_border_radius__hover_enabled=&#8221;off&#8221; button_one_border_radius__hover_enabled=&#8221;off&#8221; button_two_border_radius__hover_enabled=&#8221;off&#8221; button_letter_spacing__hover_enabled=&#8221;off&#8221; button_one_letter_spacing__hover_enabled=&#8221;off&#8221; button_two_letter_spacing__hover_enabled=&#8221;off&#8221; button_bg_color__hover_enabled=&#8221;off&#8221; button_one_bg_color__hover_enabled=&#8221;off&#8221; button_two_bg_color__hover_enabled=&#8221;off&#8221;][\/et_pb_contact_field][\/et_pb_contact_form][\/et_pb_column][\/et_pb_row][\/et_pb_section][et_pb_section fb_built=&#8221;1&#8243; admin_label=&#8221;FAQ&#8221; _builder_version=&#8221;4.23.4&#8243; _module_preset=&#8221;default&#8221; background_color=&#8221;#1A2775&#8243; bottom_divider_color=&#8221;#192775&#8243; collapsed=&#8221;on&#8221; global_colors_info=&#8221;{}&#8221;][et_pb_row _builder_version=&#8221;4.19.5&#8243; _module_preset=&#8221;default&#8221; max_width=&#8221;800px&#8221; global_colors_info=&#8221;{}&#8221;][et_pb_column type=&#8221;4_4&#8243; _builder_version=&#8221;4.19.2&#8243; _module_preset=&#8221;default&#8221; global_colors_info=&#8221;{}&#8221;][et_pb_text _builder_version=&#8221;4.23.4&#8243; _module_preset=&#8221;1e712775-ce2a-4d83-a155-2df91e90015e&#8221; text_font=&#8221;Baumans||||||||&#8221; header_font=&#8221;Baumans||||||||&#8221; header_2_font=&#8221;Baumans|700|||||||&#8221; global_colors_info=&#8221;{}&#8221;]<h2>FAQ<\/h2>[\/et_pb_text][et_pb_accordion icon_color=&#8221;#FF8154&#8243; _builder_version=&#8221;4.23.4&#8243; _module_preset=&#8221;8e6593d9-4cb4-4333-9127-1bac855094e5&#8243; locked=&#8221;off&#8221; global_colors_info=&#8221;{}&#8221;][et_pb_accordion_item title=&#8221;SUIVEZ-NOUS SUR LES RESEAUX SOCIAUX&#8221; open=&#8221;on&#8221; closed_toggle_background_color=&#8221;#1A2775&#8243; _builder_version=&#8221;4.23.4&#8243; _module_preset=&#8221;default&#8221; background_color=&#8221;#1A2775&#8243; background_enable_color=&#8221;on&#8221; use_background_color_gradient=&#8221;on&#8221; background_color_gradient_direction=&#8221;160deg&#8221; background_color_gradient_stops=&#8221;#152375 31%|#ff7d8d 100%&#8221; global_colors_info=&#8221;{}&#8221; background__hover_enabled=&#8221;off|desktop&#8221;]<p>Restez connect\u00e9s avec l&#8217;Acad\u00e9mie de Football [Nom de votre acad\u00e9mie] sur nos r\u00e9seaux sociaux. Suivez-nous pour des mises \u00e0 jour en temps r\u00e9el, des vid\u00e9os exclusives et bien plus encore.<\/p>[\/et_pb_accordion_item][et_pb_accordion_item title=&#8221;PARTENARIATS ET SPONSORING&#8221; closed_toggle_background_color=&#8221;#1A2775&#8243; _builder_version=&#8221;4.23.4&#8243; _module_preset=&#8221;default&#8221; background_color=&#8221;#1A2775&#8243; background_enable_color=&#8221;on&#8221; use_background_color_gradient=&#8221;on&#8221; background_color_gradient_direction=&#8221;160deg&#8221; background_color_gradient_stops=&#8221;#152375 31%|#ff7d8d 100%&#8221; global_colors_info=&#8221;{}&#8221; background__hover_enabled=&#8221;off|desktop&#8221; open=&#8221;off&#8221;]<p>Pour discuter de partenariats potentiels ou de possibilit\u00e9s de sponsoring, veuillez contacter notre \u00e9quipe de d\u00e9veloppement des partenariats \u00e0 <a href=\"mailto:contact@impuls3football.com\">contact@impuls3football.com<\/a> .<\/p>[\/et_pb_accordion_item][et_pb_accordion_item title=&#8221;RESTEZ CONNECTES&#8221; closed_toggle_background_color=&#8221;#1A2775&#8243; _builder_version=&#8221;4.23.4&#8243; _module_preset=&#8221;default&#8221; background_color=&#8221;#1A2775&#8243; background_enable_color=&#8221;on&#8221; use_background_color_gradient=&#8221;on&#8221; background_color_gradient_direction=&#8221;160deg&#8221; background_color_gradient_stops=&#8221;#152375 31%|#ff7d8d 100%&#8221; global_colors_info=&#8221;{}&#8221; background__hover_enabled=&#8221;off|desktop&#8221; open=&#8221;off&#8221;]<p>Inscrivez-vous \u00e0 notre newsletter pour recevoir les derni\u00e8res actualit\u00e9s, offres sp\u00e9ciales et annonces importantes directement dans votre bo\u00eete de r\u00e9ception.<\/p>[\/et_pb_accordion_item][et_pb_accordion_item title=&#8221;BESOIN D&#8217;AIDE IMMEDIATE ?&#8221; closed_toggle_background_color=&#8221;#1A2775&#8243; _builder_version=&#8221;4.23.4&#8243; _module_preset=&#8221;default&#8221; background_color=&#8221;#1A2775&#8243; background_enable_color=&#8221;on&#8221; use_background_color_gradient=&#8221;on&#8221; background_color_gradient_direction=&#8221;160deg&#8221; background_color_gradient_stops=&#8221;#152375 31%|#ff7d8d 100%&#8221; global_colors_info=&#8221;{}&#8221; background__hover_enabled=&#8221;off|desktop&#8221; open=&#8221;off&#8221;]<p>Si vous avez une question urgente ou besoin d&#8217;une assistance imm\u00e9diate, n&#8217;h\u00e9sitez pas \u00e0 appeler notre ligne d&#8217;assistance au [num\u00e9ro d&#8217;urgence].<\/p>[\/et_pb_accordion_item][\/et_pb_accordion][\/et_pb_column][\/et_pb_row][\/et_pb_section]\n","protected":false},"excerpt":{"rendered":"<p>ContactD\u00e9couvrez le monde passionnant de notre acad\u00e9mie de football en explorant notre site internet ! Pour obtenir des informations d\u00e9taill\u00e9es, n&#8217;h\u00e9sitez pas \u00e0 nous contacter. Nous sommes l\u00e0 pour r\u00e9pondre \u00e0 toutes vos questions et vous guider vers une exp\u00e9rience footballistique exceptionnelle. Rejoignez-nous dans cette aventure sportive en nous \u00e9crivant d\u00e8s maintenantFAQRestez connect\u00e9s avec l&#8217;Acad\u00e9mie [&hellip;]<\/p>\n","protected":false},"author":1,"featured_media":0,"parent":0,"menu_order":0,"comment_status":"closed","ping_status":"closed","template":"","meta":{"_et_pb_use_builder":"on","_et_pb_old_content":"<!-- wp:divi\/placeholder \/-->","_et_gb_content_width":"","footnotes":""},"class_list":["post-26","page","type-page","status-publish","hentry"],"yoast_head":"<!-- This site is optimized with the Yoast SEO plugin v21.9.1 - https:\/\/yoast.com\/wordpress\/plugins\/seo\/ -->\n<title>ISF Academy- Contact<\/title>\n<meta name=\"description\" content=\"D\u00e9couvrez le monde passionnant de notre acad\u00e9mie de football en explorant notre site internet ! Pour obtenir des informations d\u00e9taill\u00e9es, n\u2019h\u00e9sitez pas \u00e0 nous contacter\" \/>\n<meta name=\"robots\" content=\"index, follow, max-snippet:-1, max-image-preview:large, max-video-preview:-1\" \/>\n<link rel=\"canonical\" href=\"https:\/\/impuls3football.com\/index.php\/contact\/\" \/>\n<meta property=\"og:locale\" content=\"en_US\" \/>\n<meta property=\"og:type\" content=\"article\" \/>\n<meta property=\"og:title\" content=\"ISF Academy- Contact\" \/>\n<meta property=\"og:description\" content=\"D\u00e9couvrez le monde passionnant de notre acad\u00e9mie de football en explorant notre site internet ! Pour obtenir des informations d\u00e9taill\u00e9es, n\u2019h\u00e9sitez pas \u00e0 nous contacter\" \/>\n<meta property=\"og:url\" content=\"https:\/\/impuls3football.com\/index.php\/contact\/\" \/>\n<meta property=\"og:site_name\" content=\"impuls3football.com\" \/>\n<meta property=\"article:publisher\" content=\"https:\/\/www.facebook.com\/profile.php?id=61555869402772\" \/>\n<meta property=\"article:modified_time\" content=\"2024-02-03T09:56:04+00:00\" \/>\n<meta property=\"og:image\" content=\"https:\/\/impuls3football.com\/wp-content\/uploads\/2024\/02\/ISF-2.png\" \/>\n\t<meta property=\"og:image:width\" content=\"4321\" \/>\n\t<meta property=\"og:image:height\" content=\"4321\" \/>\n\t<meta property=\"og:image:type\" content=\"image\/png\" \/>\n<meta name=\"twitter:card\" content=\"summary_large_image\" \/>\n<meta name=\"twitter:label1\" content=\"Est. reading time\" \/>\n\t<meta name=\"twitter:data1\" content=\"1 minute\" \/>\n<script type=\"application\/ld+json\" class=\"yoast-schema-graph\">{\"@context\":\"https:\/\/schema.org\",\"@graph\":[{\"@type\":\"WebPage\",\"@id\":\"https:\/\/impuls3football.com\/index.php\/contact\/\",\"url\":\"https:\/\/impuls3football.com\/index.php\/contact\/\",\"name\":\"ISF Academy- Contact\",\"isPartOf\":{\"@id\":\"https:\/\/impuls3football.com\/#website\"},\"datePublished\":\"2024-01-12T11:24:52+00:00\",\"dateModified\":\"2024-02-03T09:56:04+00:00\",\"description\":\"D\u00e9couvrez le monde passionnant de notre acad\u00e9mie de football en explorant notre site internet ! Pour obtenir des informations d\u00e9taill\u00e9es, n\u2019h\u00e9sitez pas \u00e0 nous contacter\",\"breadcrumb\":{\"@id\":\"https:\/\/impuls3football.com\/index.php\/contact\/#breadcrumb\"},\"inLanguage\":\"en-US\",\"potentialAction\":[{\"@type\":\"ReadAction\",\"target\":[\"https:\/\/impuls3football.com\/index.php\/contact\/\"]}]},{\"@type\":\"BreadcrumbList\",\"@id\":\"https:\/\/impuls3football.com\/index.php\/contact\/#breadcrumb\",\"itemListElement\":[{\"@type\":\"ListItem\",\"position\":1,\"name\":\"Accueil\",\"item\":\"https:\/\/impuls3football.com\/\"},{\"@type\":\"ListItem\",\"position\":2,\"name\":\"Contact\"}]},{\"@type\":\"WebSite\",\"@id\":\"https:\/\/impuls3football.com\/#website\",\"url\":\"https:\/\/impuls3football.com\/\",\"name\":\"impuls3football.com\",\"description\":\"Notre Mission est de Cultiver le talent\",\"publisher\":{\"@id\":\"https:\/\/impuls3football.com\/#organization\"},\"potentialAction\":[{\"@type\":\"SearchAction\",\"target\":{\"@type\":\"EntryPoint\",\"urlTemplate\":\"https:\/\/impuls3football.com\/?s={search_term_string}\"},\"query-input\":\"required name=search_term_string\"}],\"inLanguage\":\"en-US\"},{\"@type\":\"Organization\",\"@id\":\"https:\/\/impuls3football.com\/#organization\",\"name\":\"impuls3football.com\",\"url\":\"https:\/\/impuls3football.com\/\",\"logo\":{\"@type\":\"ImageObject\",\"inLanguage\":\"en-US\",\"@id\":\"https:\/\/impuls3football.com\/#\/schema\/logo\/image\/\",\"url\":\"https:\/\/impuls3football.com\/wp-content\/uploads\/2024\/02\/ISF-2.png\",\"contentUrl\":\"https:\/\/impuls3football.com\/wp-content\/uploads\/2024\/02\/ISF-2.png\",\"width\":4321,\"height\":4321,\"caption\":\"impuls3football.com\"},\"image\":{\"@id\":\"https:\/\/impuls3football.com\/#\/schema\/logo\/image\/\"},\"sameAs\":[\"https:\/\/www.facebook.com\/profile.php?id=61555869402772\",\"https:\/\/www.instagram.com\/impulsportfootball?igsh=MW1qMWN6YnRlbTI3bg&utm_source=qr\"]}]}<\/script>\n<!-- \/ Yoast SEO plugin. -->","yoast_head_json":{"title":"ISF Academy- Contact","description":"D\u00e9couvrez le monde passionnant de notre acad\u00e9mie de football en explorant notre site internet ! Pour obtenir des informations d\u00e9taill\u00e9es, n\u2019h\u00e9sitez pas \u00e0 nous contacter","robots":{"index":"index","follow":"follow","max-snippet":"max-snippet:-1","max-image-preview":"max-image-preview:large","max-video-preview":"max-video-preview:-1"},"canonical":"https:\/\/impuls3football.com\/index.php\/contact\/","og_locale":"en_US","og_type":"article","og_title":"ISF Academy- Contact","og_description":"D\u00e9couvrez le monde passionnant de notre acad\u00e9mie de football en explorant notre site internet ! Pour obtenir des informations d\u00e9taill\u00e9es, n\u2019h\u00e9sitez pas \u00e0 nous contacter","og_url":"https:\/\/impuls3football.com\/index.php\/contact\/","og_site_name":"impuls3football.com","article_publisher":"https:\/\/www.facebook.com\/profile.php?id=61555869402772","article_modified_time":"2024-02-03T09:56:04+00:00","og_image":[{"width":4321,"height":4321,"url":"https:\/\/impuls3football.com\/wp-content\/uploads\/2024\/02\/ISF-2.png","type":"image\/png"}],"twitter_card":"summary_large_image","twitter_misc":{"Est. reading time":"1 minute"},"schema":{"@context":"https:\/\/schema.org","@graph":[{"@type":"WebPage","@id":"https:\/\/impuls3football.com\/index.php\/contact\/","url":"https:\/\/impuls3football.com\/index.php\/contact\/","name":"ISF Academy- Contact","isPartOf":{"@id":"https:\/\/impuls3football.com\/#website"},"datePublished":"2024-01-12T11:24:52+00:00","dateModified":"2024-02-03T09:56:04+00:00","description":"D\u00e9couvrez le monde passionnant de notre acad\u00e9mie de football en explorant notre site internet ! Pour obtenir des informations d\u00e9taill\u00e9es, n\u2019h\u00e9sitez pas \u00e0 nous contacter","breadcrumb":{"@id":"https:\/\/impuls3football.com\/index.php\/contact\/#breadcrumb"},"inLanguage":"en-US","potentialAction":[{"@type":"ReadAction","target":["https:\/\/impuls3football.com\/index.php\/contact\/"]}]},{"@type":"BreadcrumbList","@id":"https:\/\/impuls3football.com\/index.php\/contact\/#breadcrumb","itemListElement":[{"@type":"ListItem","position":1,"name":"Accueil","item":"https:\/\/impuls3football.com\/"},{"@type":"ListItem","position":2,"name":"Contact"}]},{"@type":"WebSite","@id":"https:\/\/impuls3football.com\/#website","url":"https:\/\/impuls3football.com\/","name":"impuls3football.com","description":"Notre Mission est de Cultiver le talent","publisher":{"@id":"https:\/\/impuls3football.com\/#organization"},"potentialAction":[{"@type":"SearchAction","target":{"@type":"EntryPoint","urlTemplate":"https:\/\/impuls3football.com\/?s={search_term_string}"},"query-input":"required name=search_term_string"}],"inLanguage":"en-US"},{"@type":"Organization","@id":"https:\/\/impuls3football.com\/#organization","name":"impuls3football.com","url":"https:\/\/impuls3football.com\/","logo":{"@type":"ImageObject","inLanguage":"en-US","@id":"https:\/\/impuls3football.com\/#\/schema\/logo\/image\/","url":"https:\/\/impuls3football.com\/wp-content\/uploads\/2024\/02\/ISF-2.png","contentUrl":"https:\/\/impuls3football.com\/wp-content\/uploads\/2024\/02\/ISF-2.png","width":4321,"height":4321,"caption":"impuls3football.com"},"image":{"@id":"https:\/\/impuls3football.com\/#\/schema\/logo\/image\/"},"sameAs":["https:\/\/www.facebook.com\/profile.php?id=61555869402772","https:\/\/www.instagram.com\/impulsportfootball?igsh=MW1qMWN6YnRlbTI3bg&utm_source=qr"]}]}},"_links":{"self":[{"href":"https:\/\/impuls3football.com\/index.php\/wp-json\/wp\/v2\/pages\/26","targetHints":{"allow":["GET"]}}],"collection":[{"href":"https:\/\/impuls3football.com\/index.php\/wp-json\/wp\/v2\/pages"}],"about":[{"href":"https:\/\/impuls3football.com\/index.php\/wp-json\/wp\/v2\/types\/page"}],"author":[{"embeddable":true,"href":"https:\/\/impuls3football.com\/index.php\/wp-json\/wp\/v2\/users\/1"}],"replies":[{"embeddable":true,"href":"https:\/\/impuls3football.com\/index.php\/wp-json\/wp\/v2\/comments?post=26"}],"version-history":[{"count":13,"href":"https:\/\/impuls3football.com\/index.php\/wp-json\/wp\/v2\/pages\/26\/revisions"}],"predecessor-version":[{"id":257132,"href":"https:\/\/impuls3football.com\/index.php\/wp-json\/wp\/v2\/pages\/26\/revisions\/257132"}],"wp:attachment":[{"href":"https:\/\/impuls3football.com\/index.php\/wp-json\/wp\/v2\/media?parent=26"}],"curies":[{"name":"wp","href":"https:\/\/api.w.org\/{rel}","templated":true}]}}